{"id":92,"date":"2022-07-24T18:42:19","date_gmt":"2022-07-24T16:42:19","guid":{"rendered":"http:\/\/restaurantchezmichel.com\/?page_id=92"},"modified":"2025-10-15T15:19:19","modified_gmt":"2025-10-15T13:19:19","slug":"la-carte-2","status":"publish","type":"page","link":"https:\/\/restaurantchezmichel.com\/index.php\/la-carte-2\/","title":{"rendered":"La Carte"},"content":{"rendered":"\n<p>D\u00e9couvrez nos plats fait maison                                                                                                                       <\/p>\n\n\n\n<figure class=\"wp-block-gallery has-nested-images columns-default is-cropped wp-block-gallery-1 is-layout-flex wp-block-gallery-is-layout-flex\">\n<figure class=\"wp-block-image size-large\"><img loading=\"lazy\" decoding=\"async\" width=\"750\" height=\"422\" data-id=\"99\" src=\"https:\/\/restaurantchezmichel.com\/wp-content\/uploads\/2022\/07\/image1-1.jpg\" alt=\"\" class=\"wp-image-99\" srcset=\"https:\/\/restaurantchezmichel.com\/wp-content\/uploads\/2022\/07\/image1-1.jpg 750w, https:\/\/restaurantchezmichel.com\/wp-content\/uploads\/2022\/07\/image1-1-300x169.jpg 300w\" sizes=\"auto, (max-width: 750px) 100vw, 750px\" \/><\/figure>\n\n\n\n<figure class=\"wp-block-image size-large\"><img loading=\"lazy\" decoding=\"async\" width=\"1024\" height=\"512\" data-id=\"100\" src=\"https:\/\/restaurantchezmichel.com\/wp-content\/uploads\/2022\/07\/image2-1-1024x512.jpg\" alt=\"\" class=\"wp-image-100\" srcset=\"https:\/\/restaurantchezmichel.com\/wp-content\/uploads\/2022\/07\/image2-1-1024x512.jpg 1024w, https:\/\/restaurantchezmichel.com\/wp-content\/uploads\/2022\/07\/image2-1-300x150.jpg 300w, https:\/\/restaurantchezmichel.com\/wp-content\/uploads\/2022\/07\/image2-1-768x384.jpg 768w, https:\/\/restaurantchezmichel.com\/wp-content\/uploads\/2022\/07\/image2-1-1536x768.jpg 1536w, https:\/\/restaurantchezmichel.com\/wp-content\/uploads\/2022\/07\/image2-1.jpg 1920w\" sizes=\"auto, (max-width: 1024px) 100vw, 1024px\" \/><\/figure>\n\n\n\n<figure class=\"wp-block-image size-large\"><img loading=\"lazy\" decoding=\"async\" width=\"1024\" height=\"614\" data-id=\"101\" src=\"https:\/\/restaurantchezmichel.com\/wp-content\/uploads\/2022\/07\/image3-1-1024x614.jpg\" alt=\"\" class=\"wp-image-101\" srcset=\"https:\/\/restaurantchezmichel.com\/wp-content\/uploads\/2022\/07\/image3-1-1024x614.jpg 1024w, https:\/\/restaurantchezmichel.com\/wp-content\/uploads\/2022\/07\/image3-1-300x180.jpg 300w, https:\/\/restaurantchezmichel.com\/wp-content\/uploads\/2022\/07\/image3-1-768x461.jpg 768w, https:\/\/restaurantchezmichel.com\/wp-content\/uploads\/2022\/07\/image3-1-1536x922.jpg 1536w, https:\/\/restaurantchezmichel.com\/wp-content\/uploads\/2022\/07\/image3-1.jpg 1950w\" sizes=\"auto, (max-width: 1024px) 100vw, 1024px\" \/><\/figure>\n<\/figure>\n\n\n\n<div style=\"height:30px\" aria-hidden=\"true\" class=\"wp-block-spacer\"><\/div>\n\n\n\n<div class=\"wp-block-group has-medium-font-size\"><div class=\"wp-block-group__inner-container is-layout-flow wp-block-group-is-layout-flow\">\n<h2 class=\"wp-block-heading has-text-align-center\" style=\"font-style:italic;font-weight:500\">Nos Entr\u00e9es<\/h2>\n\n\n\n<figure class=\"wp-block-table is-style-stripes\"><table><tbody><tr><td><strong>Carpaccio de b\u0153uf au basilic  <\/strong><br><em>(Bouquette de salade et grana padano)<\/em><\/td><td><strong>9.90 \u20ac <\/strong>\/ <strong>15.00\u20ac<\/strong><\/td><\/tr><tr><td><strong><strong>Assiette de Jambon de Parme<\/strong><\/strong><\/td><td><strong><strong>6.90 \u20ac \/ 13.50 \u20ac<\/strong><\/strong><\/td><\/tr><tr><td><strong>Salade paysanne <\/strong><em>(lardons, cro\u00fbtons de pain)<\/em><\/td><td><strong>7.50 \u20ac \/ 10.50 \u20ac<\/strong><\/td><\/tr><tr><td><strong>Salade Michel<\/strong><br><em>(Jambon de parme, volaille, grana padano, trilogie de poivrons)<\/em><\/td><td><strong>9.00 \u20ac \/ 15.50 \u20ac<\/strong><\/td><\/tr><tr><td><strong>Salade Exotique<\/strong><br><em>(Salade avocat, crevettes, oranges, pommes, pamplemousses)<\/em><\/td><td><strong>9.00 \u20ac \/ 15.50\u20ac<\/strong><\/td><\/tr><tr><td><strong>Taost de ch\u00e8vre chaud sur lit de salade <\/strong><\/td><td><strong>7.50 \u20ac \/ 13.50 \u20ac<\/strong><\/td><\/tr><tr><td><strong>Salade verte<\/strong><\/td><td><strong>2.50 \u20ac<\/strong><\/td><\/tr><\/tbody><\/table><\/figure>\n<\/div><\/div>\n\n\n\n<div style=\"height:50px\" aria-hidden=\"true\" class=\"wp-block-spacer\"><\/div>\n\n\n\n<div class=\"wp-block-group has-medium-font-size\"><div class=\"wp-block-group__inner-container is-layout-flow wp-block-group-is-layout-flow\">\n<h2 class=\"wp-block-heading has-text-align-center\" style=\"font-style:italic;font-weight:500\">Nos Viandes<\/h2>\n\n\n\n<figure class=\"wp-block-table is-style-stripes\"><table><tbody><tr><td><strong><strong>Faux filet&nbsp; Grill\u00e9 <\/strong><\/strong><\/td><td><strong><strong><strong>20.50 \u20ac<\/strong><\/strong><\/strong><\/td><\/tr><tr><td><strong><strong><strong>Sauce cr\u00e8me aux champignons frais<\/strong><\/strong><\/strong><\/td><td><strong><strong><strong><strong>21.50 \u20ac<\/strong><\/strong><\/strong><\/strong><\/td><\/tr><tr><td><strong><strong>Escalope de veau&nbsp;:&nbsp;A la Milanaise <\/strong><\/strong><em>(pan\u00e9e, sauce napolitaine) <\/em><\/td><td><strong><strong><strong>21.50 \u20ac<\/strong><\/strong><\/strong><\/td><\/tr><tr><td><strong>Viennoise<\/strong><em> (pan\u00e9e, sauce cr\u00e8me champignons) <\/em><\/td><td><strong><strong>21.50 \u20ac<\/strong><\/strong><\/td><\/tr><tr><td><strong><strong>Cordon bleu de veau \u00e0 la cr\u00e8me champignons frais<\/strong><\/strong><\/td><td><strong><strong><strong>23.90 \u20ac<\/strong><\/strong><\/strong><\/td><\/tr><tr><td><strong><strong>Rognons de veau sauce moutarde \u00e0 l\u2019ancienne <\/strong><\/strong><\/td><td><strong><strong><strong>19.50 \u20ac<\/strong><\/strong><\/strong><\/td><\/tr><\/tbody><\/table><figcaption class=\"wp-element-caption\"><em>Garniture&nbsp;: frites <\/em><strong><em>ou <\/em><\/strong><em>p\u00e2tes <\/em><strong><em>ou <\/em><\/strong><em>l\u00e9gumes <\/em><strong><em>ou <\/em><\/strong><em>riz <\/em><strong><em>ou<\/em><\/strong><em> salade verte<\/em><\/figcaption><\/figure>\n<\/div><\/div>\n\n\n\n<div style=\"height:50px\" aria-hidden=\"true\" class=\"wp-block-spacer\"><\/div>\n\n\n\n<div class=\"wp-block-group has-medium-font-size\"><div class=\"wp-block-group__inner-container is-layout-flow wp-block-group-is-layout-flow\">\n<h2 class=\"wp-block-heading has-text-align-center\" style=\"font-style:italic;font-weight:500\">Nos Pizzas<\/h2>\n\n\n\n<p class=\"has-text-align-center has-small-font-size\">(<em>Sauf samedi midi et dimanche midi<\/em>)<\/p>\n\n\n\n<figure class=\"wp-block-table is-style-stripes\"><table><tbody><tr><td><strong><strong><strong>Jambon <\/strong><\/strong><\/strong><em>(sauce tomate, fromage, jambon)<\/em><\/td><td><strong><strong><strong><strong><strong>11.50 \u20ac<\/strong><\/strong><\/strong><\/strong><\/strong><\/td><\/tr><tr><td><strong><strong><strong><strong>Paysanne <\/strong><\/strong><\/strong><\/strong><em>(sauce tomate, fromage, lardons, oignons) <\/em><\/td><td><strong><strong><strong><strong><strong><strong>11.50 \u20ac<\/strong><\/strong><\/strong><\/strong><\/strong><\/strong><\/td><\/tr><tr><td><strong><strong><strong>Reine<\/strong><\/strong><\/strong> <em>(sauce tomate, fromage, champignons, jambon)<\/em><strong><strong><em> <\/em><strong>&nbsp; <\/strong><\/strong><\/strong><\/td><td><strong><strong><strong><strong><strong>12.50 \u20ac<\/strong><\/strong><\/strong><\/strong><\/strong><\/td><\/tr><tr><td><strong><strong>Capriciosa<\/strong><br><\/strong><em>(sauce tomate, fromage, champignons, jambon, artichauts, \u0153uf)&nbsp;<\/em><\/td><td><strong><strong><strong><strong>12.90 \u20ac<\/strong><\/strong><\/strong><\/strong><\/td><\/tr><tr><td><strong><strong><strong>Quatre saisons<\/strong><br><\/strong><\/strong><em>&nbsp;(sauce tomate, fromage, champignons, poivrons, artichauts, olives)<\/em><\/td><td><strong><strong><strong><strong><strong>12.90 \u20ac<\/strong><\/strong><\/strong><\/strong><\/strong><\/td><\/tr><tr><td><strong><strong><strong>Quatre fromages <\/strong><br><\/strong><\/strong><em>&nbsp;(sauce tomate, mozzarella, taleggio, gorgonzola, ch\u00e8vre)&nbsp;&nbsp;&nbsp;<\/em><\/td><td><strong><strong><strong><strong><strong>13.70 \u20ac<\/strong><\/strong><\/strong><\/strong><\/strong><\/td><\/tr><tr><td><strong>Mexicaine <\/strong><em>(sauce tomate, fromage, lardons, poivrons, piment)<\/em><strong> <\/strong><\/td><td><strong>13.50 \u20ac<\/strong><\/td><\/tr><tr><td><strong>Chorizo <\/strong><em>(sauce tomate, fromage, chorizo, poivrons, \u0153uf)<\/em><strong> <\/strong><\/td><td><strong>13.50 \u20ac<\/strong><\/td><\/tr><tr><td><strong>Orientale <\/strong><em>(sauce tomate, fromage, merguez, \u0153uf)<\/em><\/td><td><strong>13.50 \u20ac<\/strong><\/td><\/tr><tr><td><strong>Calzone <\/strong><em>(sauce tomate, fromage, champignons, jambon, \u0153uf)<\/em><strong> <\/strong><\/td><td><strong>12.90 \u20ac<\/strong><\/td><\/tr><tr><td><strong>Norv\u00e9gienne <\/strong><em>(sauce tomate, fromage, saumon frais, ail persil)<\/em><\/td><td><strong>14.60 \u20ac<\/strong><\/td><\/tr><tr><td><strong>Fruits de mer <\/strong><br><em>(sauce tomate, fromage, moules, crevettes, calamars, ail persil)&nbsp;<\/em><\/td><td><strong>14.60 \u20ac<\/strong><\/td><\/tr><tr><td><strong>Scampis <\/strong><em>(sauce tomate, fromage, scampis, ail persil)<\/em> <\/td><td><strong>14.90 \u20ac<\/strong><\/td><\/tr><tr><td><strong>Parme&nbsp; <\/strong><br><em>(sauce tomate, fromage, parme, roquette, tomate, copeaux de grana padano)<\/em><\/td><td><strong>15.90 \u20ac<\/strong><\/td><\/tr><tr><td><strong>Poulet <\/strong><em>(sauce tomate, fromage, poulet, champignons, basilic)<\/em><strong> <\/strong><\/td><td><strong>12.90 \u20ac<\/strong><\/td><\/tr><tr><td><strong>Napolitaine <\/strong><em>(sauce tomate, fromage, olives c\u00e2pres et anchois)<\/em><\/td><td><strong>12.90 \u20ac<\/strong><\/td><\/tr><tr><td><strong>Berg\u00e8re <\/strong><em>(sauce tomate, fromage, ch\u00e8vre et \u0153uf) <\/em><\/td><td><strong>13.50 \u20ac<\/strong><\/td><\/tr><tr><td><strong>Pizza Enfant<\/strong><em>(Jambon)<\/em><strong>&nbsp; <\/strong><\/td><td><strong>7.00 \u20ac<\/strong><\/td><\/tr><tr><td><strong>Pizza Chef <\/strong><em>(4 composition pizzas aux choix, salade verte, copeaux de grana padano)<\/em><\/td><td><strong>16.90 \u20ac<\/strong><\/td><\/tr><tr><td><strong>La Pizza moite-moite<\/strong><\/td><td><strong>16.00 \u20ac<\/strong><\/td><\/tr><tr><td><strong>Salade Pizza <\/strong><em>(Petite salade de roquette, copeaux de grana padano, tomates)<\/em><strong> <\/strong><\/td><td><strong>2.90 \u20ac<\/strong><\/td><\/tr><tr><td><strong>Suppl\u00e9ment une garniture \u00e0 votre convenance &nbsp; <\/strong><\/td><td><strong>2.00 \u20ac&nbsp;<\/strong><\/td><\/tr><tr><td><strong>Suppl\u00e9ment jambon de Parme &nbsp; <\/strong><\/td><td><strong>4.00 \u20ac<\/strong><\/td><\/tr><tr><td><\/td><td><\/td><\/tr><\/tbody><\/table><\/figure>\n<\/div><\/div>\n\n\n\n<div style=\"height:50px\" aria-hidden=\"true\" class=\"wp-block-spacer\"><\/div>\n\n\n\n<div class=\"wp-block-group has-medium-font-size\"><div class=\"wp-block-group__inner-container is-layout-flow wp-block-group-is-layout-flow\">\n<h2 class=\"wp-block-heading has-text-align-center\" style=\"font-style:italic;font-weight:500\">Nos Pates<\/h2>\n\n\n\n<figure class=\"wp-block-table is-style-stripes\"><table><tbody><tr><td class=\"has-text-align-left\" data-align=\"left\"><strong><strong><strong>Spaghettis Royal aux fruits de mer <br><\/strong><\/strong><\/strong><em>sauce tomate, vin blanc, moules, crevettes, calamars,<br>scampis, langoustine et gambas<\/em><\/td><td><strong><strong><strong><strong><strong>24.90 \u20ac<\/strong><\/strong><\/strong><\/strong><\/strong><\/td><\/tr><tr><td class=\"has-text-align-left\" data-align=\"left\"><strong><mark style=\"background-color:rgba(0, 0, 0, 0)\" class=\"has-inline-color has-vivid-red-color\">Linguines<\/mark><\/strong><\/td><td><\/td><\/tr><tr><td class=\"has-text-align-left\" data-align=\"left\"><strong><strong><strong>Aux fruits de mer <br><\/strong><\/strong><\/strong><em>(sauce tomate, cr\u00e8me, moules, crevettes, calamars)<\/em><\/td><td><strong><strong><strong><strong><strong>15.70 \u20ac<\/strong><\/strong><\/strong><\/strong><\/strong><\/td><\/tr><tr><td class=\"has-text-align-left\" data-align=\"left\"><strong><strong>Saumon <br><\/strong><\/strong><em>(sauce cr\u00e8me et saumon frais)<\/em><\/td><td><strong><strong><strong><strong>16.80 \u20ac<\/strong><\/strong><\/strong><\/strong><\/td><\/tr><tr><td class=\"has-text-align-left\" data-align=\"left\"><strong><strong><mark style=\"background-color:rgba(0, 0, 0, 0)\" class=\"has-inline-color has-vivid-red-color\">Pennes<\/mark><\/strong><\/strong><\/td><td><\/td><\/tr><tr><td class=\"has-text-align-left\" data-align=\"left\"><strong><strong><strong>A l\u2019arrabiata <br><\/strong><\/strong><\/strong><em>(sauce tomate, piment, ail, grana padano)<\/em><\/td><td><strong><strong><strong><strong><strong>14.50 \u20ac<\/strong><\/strong><\/strong><\/strong><\/strong><\/td><\/tr><tr><td class=\"has-text-align-left\" data-align=\"left\"><strong>Au four <br><\/strong><em>(sauce tomate, champignons, lardons, gratin\u00e9)<\/em><\/td><td><strong>14.70 \u20ac<\/strong><\/td><\/tr><tr><td class=\"has-text-align-left\" data-align=\"left\"><strong>Aux 3 fromages <br><\/strong><em>(tal\u00e9ggio, grana panado, gorgonzola)<\/em><\/td><td><strong>15.90 \u20ac<\/strong><\/td><\/tr><\/tbody><\/table><\/figure>\n<\/div><\/div>\n","protected":false},"excerpt":{"rendered":"<p>D\u00e9couvrez nos plats fait maison Nos Entr\u00e9es Carpaccio de b\u0153uf au basilic (Bouquette de salade et grana padano) 9.90 \u20ac \/ 15.00\u20ac Assiette de Jambon de Parme 6.90 \u20ac \/ [&hellip;]<\/p>\n","protected":false},"author":2,"featured_media":43,"parent":0,"menu_order":0,"comment_status":"closed","ping_status":"closed","template":"","meta":{"footnotes":""},"class_list":["post-92","page","type-page","status-publish","has-post-thumbnail","hentry"],"_links":{"self":[{"href":"https:\/\/restaurantchezmichel.com\/index.php\/wp-json\/wp\/v2\/pages\/92","targetHints":{"allow":["GET"]}}],"collection":[{"href":"https:\/\/restaurantchezmichel.com\/index.php\/wp-json\/wp\/v2\/pages"}],"about":[{"href":"https:\/\/restaurantchezmichel.com\/index.php\/wp-json\/wp\/v2\/types\/page"}],"author":[{"embeddable":true,"href":"https:\/\/restaurantchezmichel.com\/index.php\/wp-json\/wp\/v2\/users\/2"}],"replies":[{"embeddable":true,"href":"https:\/\/restaurantchezmichel.com\/index.php\/wp-json\/wp\/v2\/comments?post=92"}],"version-history":[{"count":31,"href":"https:\/\/restaurantchezmichel.com\/index.php\/wp-json\/wp\/v2\/pages\/92\/revisions"}],"predecessor-version":[{"id":392,"href":"https:\/\/restaurantchezmichel.com\/index.php\/wp-json\/wp\/v2\/pages\/92\/revisions\/392"}],"wp:featuredmedia":[{"embeddable":true,"href":"https:\/\/restaurantchezmichel.com\/index.php\/wp-json\/wp\/v2\/media\/43"}],"wp:attachment":[{"href":"https:\/\/restaurantchezmichel.com\/index.php\/wp-json\/wp\/v2\/media?parent=92"}],"curies":[{"name":"wp","href":"https:\/\/api.w.org\/{rel}","templated":true}]}}